{"id":3252,"date":"2022-01-24T10:43:43","date_gmt":"2022-01-24T09:43:43","guid":{"rendered":"https:\/\/dev.alpgate.com\/imprimer\/"},"modified":"2023-04-26T12:27:19","modified_gmt":"2023-04-26T10:27:19","slug":"imprimer","status":"publish","type":"page","link":"https:\/\/www.alpgate.com\/fr\/imprimer\/","title":{"rendered":"Imprimer"},"content":{"rendered":"\t\t<div data-elementor-type=\"wp-page\" data-elementor-id=\"3252\" class=\"elementor elementor-3252 elementor-67\" data-elementor-post-type=\"page\">\n\t\t\t\t\t\t<header data-dce-background-overlay-color=\"#000000\" data-dce-background-image-url=\"https:\/\/www.alpgate.com\/wp-content\/uploads\/2021\/12\/Referenz_Feuerwehr-Tore-e1639646129732.jpg\" class=\"elementor-section elementor-top-section elementor-element elementor-element-fdb3723 elementor-section-height-min-height elementor-section-boxed elementor-section-height-default elementor-section-items-middle\" data-id=\"fdb3723\" data-element_type=\"section\" data-e-type=\"section\" id=\"headerhero\" data-settings=\"{&quot;background_background&quot;:&quot;classic&quot;}\">\n\t\t\t\t\t\t\t<div class=\"elementor-background-overlay\"><\/div>\n\t\t\t\t\t\t\t<div class=\"elementor-container elementor-column-gap-default\">\n\t\t\t\t\t<div class=\"elementor-column elementor-col-100 elementor-top-column elementor-element elementor-element-4fb6fee\" data-id=\"4fb6fee\" data-element_type=\"column\" data-e-type=\"column\">\n\t\t\t<div class=\"elementor-widget-wrap\">\n\t\t\t\t\t\t\t<\/div>\n\t\t<\/div>\n\t\t\t\t\t<\/div>\n\t\t<\/header>\n\t\t\t\t<section class=\"elementor-section elementor-top-section elementor-element elementor-element-f31fd53 elementor-section-boxed elementor-section-height-default elementor-section-height-default\" data-id=\"f31fd53\" data-element_type=\"section\" data-e-type=\"section\">\n\t\t\t\t\t\t<div class=\"elementor-container elementor-column-gap-default\">\n\t\t\t\t\t<div class=\"elementor-column elementor-col-100 elementor-top-column elementor-element elementor-element-173235a\" data-id=\"173235a\" data-element_type=\"column\" data-e-type=\"column\">\n\t\t\t<div class=\"elementor-widget-wrap elementor-element-populated\">\n\t\t\t\t\t\t<div class=\"elementor-element elementor-element-5ae8acf elementor-widget elementor-widget-heading\" data-id=\"5ae8acf\" data-element_type=\"widget\" data-e-type=\"widget\" data-widget_type=\"heading.default\">\n\t\t\t\t<div class=\"elementor-widget-container\">\n\t\t\t\t\t<h1 class=\"elementor-heading-title elementor-size-default\">Imprimer<\/h1>\t\t\t\t<\/div>\n\t\t\t\t<\/div>\n\t\t\t\t<div class=\"elementor-element elementor-element-ed69576 elementor-widget elementor-widget-heading\" data-id=\"ed69576\" data-element_type=\"widget\" data-e-type=\"widget\" data-widget_type=\"heading.default\">\n\t\t\t\t<div class=\"elementor-widget-container\">\n\t\t\t\t\t<h2 class=\"elementor-heading-title elementor-size-default\">Selon \u00a7 5 TMG :<\/h2>\t\t\t\t<\/div>\n\t\t\t\t<\/div>\n\t\t\t\t<div class=\"elementor-element elementor-element-9c4ee44 elementor-widget elementor-widget-heading\" data-id=\"9c4ee44\" data-element_type=\"widget\" data-e-type=\"widget\" data-widget_type=\"heading.default\">\n\t\t\t\t<div class=\"elementor-widget-container\">\n\t\t\t\t\t<h2 class=\"elementor-heading-title elementor-size-default\">ATP Business GmbH<\/h2>\t\t\t\t<\/div>\n\t\t\t\t<\/div>\n\t\t\t\t<div class=\"elementor-element elementor-element-f4f53bd elementor-widget elementor-widget-text-editor\" data-id=\"f4f53bd\" data-element_type=\"widget\" data-e-type=\"widget\" data-widget_type=\"text-editor.default\">\n\t\t\t\t<div class=\"elementor-widget-container\">\n\t\t\t\t\t\t\t\t\t<p>Baum\u00fcllerboden 14<br \/>39030 St. Lorenzen\/Montal (BZ)<br \/>ITALIEN<\/p>\n<p>Tel. +39 0474 830651<br \/>info@alpgate.com<br \/>Responsable du contenu selon \u00a7 55 alin\u00e9a 2 RStV\u00a0: Leonhard Hochgruber<\/p>\n<p>Num\u00e9ro de registre du commerce\u00a0: 02770990212<br \/>N\u00b0 TVA. : 02770990212<br \/>atp-business@pec.it <br \/>Soci\u00e9t\u00e9 \u00e0 associ\u00e9 unique<br \/>Capital social lib\u00e9r\u00e9 : 10 000 \u20ac<br \/><span style=\"color: var( --e- global-color-text ); font-family\u00a0: var( --e-global-typography-text-font-family ), sans-serif\u00a0; font-size\u00a0: 1rem\u00a0; font-weight\u00a0: var( --e-global- typography- text-font-weight );\">La soci\u00e9t\u00e9 ATP-Business GmbH est soumise \u00e0 la gestion et <\/span><span style=\"color: var( --e-global-color-text ); font-family: var( - -e-global-typography-text-font-family ), Sans-serif\u00a0; taille de la police\u00a0: 1rem\u00a0; poids de la police\u00a0: var( --e-global-typography-text-font-weight );\"> Alpgate GmbH coordination conform\u00e9ment \u00e0 l&rsquo;article 2497 <\/span><\/p>\n\t\t\t\t\t\t\t\t<\/div>\n\t\t\t\t<\/div>\n\t\t\t\t<div class=\"elementor-element elementor-element-c84865f elementor-widget elementor-widget-heading\" data-id=\"c84865f\" data-element_type=\"widget\" data-e-type=\"widget\" data-widget_type=\"heading.default\">\n\t\t\t\t<div class=\"elementor-widget-container\">\n\t\t\t\t\t<h2 class=\"elementor-heading-title elementor-size-default\">ALPGATE DEUTSCHLAND GmbH<\/h2>\t\t\t\t<\/div>\n\t\t\t\t<\/div>\n\t\t\t\t<div class=\"elementor-element elementor-element-fbf3e9a elementor-widget elementor-widget-text-editor\" data-id=\"fbf3e9a\" data-element_type=\"widget\" data-e-type=\"widget\" data-widget_type=\"text-editor.default\">\n\t\t\t\t<div class=\"elementor-widget-container\">\n\t\t\t\t\t\t\t\t\t<p>Eberhard-Finckh-Str.10<br \/>89075 Ulm<br \/>ALLEMAGNE<\/p>\n<p>T\u00e9l. +49 731 49391480<br \/>Fax +49 731 49391489<br \/>info@alpgate.de<br \/>www.alpgate.de<\/p>\n<p>Registre du commerce : HRB 741 668 AG Ulm<br \/> Directeur g\u00e9n\u00e9ral\u00a0: Ilja Weinberger<br \/>N\u00b0 d&rsquo;identification TVA\u00a0: ID USt\u00a0: DE340449686<\/p>\n\t\t\t\t\t\t\t\t<\/div>\n\t\t\t\t<\/div>\n\t\t\t\t<div class=\"elementor-element elementor-element-19b9ee3 elementor-widget elementor-widget-heading\" data-id=\"19b9ee3\" data-element_type=\"widget\" data-e-type=\"widget\" data-widget_type=\"heading.default\">\n\t\t\t\t<div class=\"elementor-widget-container\">\n\t\t\t\t\t<h2 class=\"elementor-heading-title elementor-size-default\">ALPGATE AUSTRIA GmbH<\/h2>\t\t\t\t<\/div>\n\t\t\t\t<\/div>\n\t\t\t\t<div class=\"elementor-element elementor-element-a19fca2 elementor-widget elementor-widget-text-editor\" data-id=\"a19fca2\" data-element_type=\"widget\" data-e-type=\"widget\" data-widget_type=\"text-editor.default\">\n\t\t\t\t<div class=\"elementor-widget-container\">\n\t\t\t\t\t\t\t\t\t<p>Wiener Str. 114<br \/>\n2483 Ebreichsdorf\/Wien<br \/>\nAUSTRIA<\/p>\n<p>Mobil AT +43 6601651070<br \/>\nMobil IT +39 3420489480<br \/>\nmarkus.oberschmied@alpgate.com<br \/>\nwww.alpgate.eu<\/p>\n<p>VAT-ID-No.: USt-ID: ATU77343689<\/p>\n\t\t\t\t\t\t\t\t<\/div>\n\t\t\t\t<\/div>\n\t\t\t\t<div class=\"elementor-element elementor-element-78e0043 elementor-widget elementor-widget-heading\" data-id=\"78e0043\" data-element_type=\"widget\" data-e-type=\"widget\" data-widget_type=\"heading.default\">\n\t\t\t\t<div class=\"elementor-widget-container\">\n\t\t\t\t\t<h2 class=\"elementor-heading-title elementor-size-default\">R\u00e8glement des diff\u00e9rends<\/h2>\t\t\t\t<\/div>\n\t\t\t\t<\/div>\n\t\t\t\t<div class=\"elementor-element elementor-element-464559e elementor-widget elementor-widget-text-editor\" data-id=\"464559e\" data-element_type=\"widget\" data-e-type=\"widget\" data-widget_type=\"text-editor.default\">\n\t\t\t\t<div class=\"elementor-widget-container\">\n\t\t\t\t\t\t\t\t\t<p>La Commission europ\u00e9enne fournit une plate-forme de r\u00e9solution des litiges en ligne\u00a0: <a href=\"https:\/\/ec.europa.eu\/consumers\/odr\" target=\"_blank\" rel=\"noopener\">https\u00a0: \/ \/ec.europa.eu\/consumers\/odr<\/a>.<br \/>Vous pouvez trouver notre adresse e-mail dans les mentions l\u00e9gales ci-dessus.<\/p>\n<p>Nous ne souhaitons ni ne sommes oblig\u00e9s de participer au r\u00e8glement des litiges proc\u00e9dures devant un Participer au conseil d&rsquo;arbitrage des consommateurs.<\/p>\n\t\t\t\t\t\t\t\t<\/div>\n\t\t\t\t<\/div>\n\t\t\t\t<div class=\"elementor-element elementor-element-33bea9f elementor-widget elementor-widget-heading\" data-id=\"33bea9f\" data-element_type=\"widget\" data-e-type=\"widget\" data-widget_type=\"heading.default\">\n\t\t\t\t<div class=\"elementor-widget-container\">\n\t\t\t\t\t<h2 class=\"elementor-heading-title elementor-size-default\">Responsabilit\u00e9 du contenu<\/h2>\t\t\t\t<\/div>\n\t\t\t\t<\/div>\n\t\t\t\t<div class=\"elementor-element elementor-element-d6c6f34 elementor-widget elementor-widget-text-editor\" data-id=\"d6c6f34\" data-element_type=\"widget\" data-e-type=\"widget\" data-widget_type=\"text-editor.default\">\n\t\t\t\t<div class=\"elementor-widget-container\">\n\t\t\t\t\t\t\t\t\t<p>En tant que prestataire de services, nous sommes responsables de notre propre contenu sur ces pages conform\u00e9ment \u00e0 l&rsquo;article 7, paragraphe 1 de la loi allemande sur les t\u00e9l\u00e9m\u00e9dias (TMG). Conform\u00e9ment aux \u00a7\u00a7 8 \u00e0 10 TMG, nous ne sommes toutefois pas tenus, en tant que prestataire de services, de surveiller les informations tierces transmises ou stock\u00e9es ou d&rsquo;enqu\u00eater sur les circonstances qui indiquent une activit\u00e9 ill\u00e9gale.<\/p>\n<p>Obligations de supprimer ou de bloquer les l&rsquo;utilisation des informations conform\u00e9ment aux lois g\u00e9n\u00e9rales reste inchang\u00e9e. Toutefois, la responsabilit\u00e9 \u00e0 cet \u00e9gard n&rsquo;est possible qu&rsquo;\u00e0 partir du moment o\u00f9 la connaissance d&rsquo;une infraction concr\u00e8te \u00e0 la loi est connue. D\u00e8s que nous prendrons connaissance de toute violation de la loi, nous supprimerons ce contenu imm\u00e9diatement.<\/p>\n\t\t\t\t\t\t\t\t<\/div>\n\t\t\t\t<\/div>\n\t\t\t\t<div class=\"elementor-element elementor-element-6748dbd elementor-widget elementor-widget-heading\" data-id=\"6748dbd\" data-element_type=\"widget\" data-e-type=\"widget\" data-widget_type=\"heading.default\">\n\t\t\t\t<div class=\"elementor-widget-container\">\n\t\t\t\t\t<h2 class=\"elementor-heading-title elementor-size-default\">Responsabilit\u00e9 pour les liens<\/h2>\t\t\t\t<\/div>\n\t\t\t\t<\/div>\n\t\t\t\t<div class=\"elementor-element elementor-element-821bafa elementor-widget elementor-widget-text-editor\" data-id=\"821bafa\" data-element_type=\"widget\" data-e-type=\"widget\" data-widget_type=\"text-editor.default\">\n\t\t\t\t<div class=\"elementor-widget-container\">\n\t\t\t\t\t\t\t\t\t<p>Notre offre contient des liens vers des sites Web externes sur lesquels nous n&rsquo;avons aucune influence. Par cons\u00e9quent, nous ne pouvons assumer aucune responsabilit\u00e9 pour ce contenu externe. Le fournisseur ou l&rsquo;exploitant respectif des pages est toujours responsable du contenu des pages li\u00e9es. Les pages li\u00e9es ont \u00e9t\u00e9 v\u00e9rifi\u00e9es pour d&rsquo;\u00e9ventuelles violations de la loi au moment de la liaison. Le contenu ill\u00e9gal n&rsquo;\u00e9tait pas reconnaissable au moment de la cr\u00e9ation du lien.<\/p>\n<p>Toutefois, un contr\u00f4le permanent du contenu des pages li\u00e9es n&rsquo;est pas raisonnable sans preuve concr\u00e8te d&rsquo;une infraction. D\u00e8s que nous aurons connaissance de violations l\u00e9gales, nous supprimerons imm\u00e9diatement ces liens.<\/p>\n\t\t\t\t\t\t\t\t<\/div>\n\t\t\t\t<\/div>\n\t\t\t\t<div class=\"elementor-element elementor-element-e64cc92 elementor-widget elementor-widget-heading\" data-id=\"e64cc92\" data-element_type=\"widget\" data-e-type=\"widget\" data-widget_type=\"heading.default\">\n\t\t\t\t<div class=\"elementor-widget-container\">\n\t\t\t\t\t<h2 class=\"elementor-heading-title elementor-size-default\">Droits d'auteur<\/h2>\t\t\t\t<\/div>\n\t\t\t\t<\/div>\n\t\t\t\t<div class=\"elementor-element elementor-element-8680594 elementor-widget elementor-widget-text-editor\" data-id=\"8680594\" data-element_type=\"widget\" data-e-type=\"widget\" data-widget_type=\"text-editor.default\">\n\t\t\t\t<div class=\"elementor-widget-container\">\n\t\t\t\t\t\t\t\t\t<p>Le contenu et les \u0153uvres de ces pages cr\u00e9\u00e9es par les exploitants du site sont soumis \u00e0 la loi allemande sur le droit d&rsquo;auteur. La duplication, l&rsquo;\u00e9dition, la distribution et tout type d&rsquo;exploitation en dehors des limites du droit d&rsquo;auteur n\u00e9cessitent le consentement \u00e9crit de l&rsquo;auteur ou du cr\u00e9ateur respectif. Les t\u00e9l\u00e9chargements et les copies de ce site ne sont autoris\u00e9s que pour un usage priv\u00e9 et non commercial.<\/p>\n<p>Dans la mesure o\u00f9 le contenu de ce site n&rsquo;a pas \u00e9t\u00e9 cr\u00e9\u00e9 par l&rsquo;exploitant, les droits d&rsquo;auteur de tiers sont respect\u00e9s. En particulier, les contenus de tiers sont signal\u00e9s comme tels. Si vous avez n\u00e9anmoins connaissance d&rsquo;une violation du droit d&rsquo;auteur, nous vous demandons de nous en informer en cons\u00e9quence. D\u00e8s que nous aurons connaissance d&rsquo;infractions \u00e0 la loi, nous supprimerons imm\u00e9diatement ce contenu.<\/p>\n\t\t\t\t\t\t\t\t<\/div>\n\t\t\t\t<\/div>\n\t\t\t\t<div class=\"elementor-element elementor-element-9e6b9a2 elementor-widget elementor-widget-heading\" data-id=\"9e6b9a2\" data-element_type=\"widget\" data-e-type=\"widget\" data-widget_type=\"heading.default\">\n\t\t\t\t<div class=\"elementor-widget-container\">\n\t\t\t\t\t<h2 class=\"elementor-heading-title elementor-size-default\">Marketing digital et gestion de WordPress<\/h2>\t\t\t\t<\/div>\n\t\t\t\t<\/div>\n\t\t\t\t<div class=\"elementor-element elementor-element-5c502cf elementor-widget elementor-widget-text-editor\" data-id=\"5c502cf\" data-element_type=\"widget\" data-e-type=\"widget\" data-widget_type=\"text-editor.default\">\n\t\t\t\t<div class=\"elementor-widget-container\">\n\t\t\t\t\t\t\t\t\t<p>Berger+Team<br \/><a href=\"https:\/\/www.berger.team\/\" target=\"_blank\" rel=\"noopener\">www.berger.team<\/a><br \/>Reichrieglerweg 17<br \/>I-39100 Bozen (BZ)<\/p>\n<p>info@berger.team<br \/>+39 346 1033 556<\/p>\n<\/p>\n<p>de Groot Marketing<br \/><a href=\"http:\/\/degroot-marketing.de\/\" target=\"_blank\" rel=\"noopener\">www.degroot-marketing.de<\/a><br \/>Sonnenblumenweg 35<br \/>D-49716 Meppen<\/p>\n<p>britta.degroot@degroot-marketing.de<br \/>+49 1515 079 3283<\/p>\n\t\t\t\t\t\t\t\t<\/div>\n\t\t\t\t<\/div>\n\t\t\t\t\t<\/div>\n\t\t<\/div>\n\t\t\t\t\t<\/div>\n\t\t<\/section>\n\t\t\t\t<\/div>\n\t\t","protected":false},"excerpt":{"rendered":"<p>Selon \u00a7 5 TMG : ATP Business GmbH Baum\u00fcllerboden 1439030 St. Lorenzen\/Montal (BZ)ITALIEN Tel. +39 0474 830651info@alpgate.comResponsable du contenu selon \u00a7 55 alin\u00e9a 2 RStV\u00a0: Leonhard Hochgruber Num\u00e9ro de registre du commerce\u00a0: 02770990212N\u00b0 TVA. : 02770990212atp-business@pec.it Soci\u00e9t\u00e9 \u00e0 associ\u00e9 uniqueCapital social lib\u00e9r\u00e9 : 10 000 \u20acLa soci\u00e9t\u00e9 ATP-Business GmbH est soumise \u00e0 la gestion et [&hellip;]<\/p>\n","protected":false},"author":2,"featured_media":2492,"parent":0,"menu_order":10000,"comment_status":"closed","ping_status":"closed","template":"","meta":{"_acf_changed":false,"footnotes":""},"class_list":["post-3252","page","type-page","status-publish","has-post-thumbnail","hentry"],"acf":[],"_links":{"self":[{"href":"https:\/\/www.alpgate.com\/fr\/wp-json\/wp\/v2\/pages\/3252","targetHints":{"allow":["GET"]}}],"collection":[{"href":"https:\/\/www.alpgate.com\/fr\/wp-json\/wp\/v2\/pages"}],"about":[{"href":"https:\/\/www.alpgate.com\/fr\/wp-json\/wp\/v2\/types\/page"}],"author":[{"embeddable":true,"href":"https:\/\/www.alpgate.com\/fr\/wp-json\/wp\/v2\/users\/2"}],"replies":[{"embeddable":true,"href":"https:\/\/www.alpgate.com\/fr\/wp-json\/wp\/v2\/comments?post=3252"}],"version-history":[{"count":0,"href":"https:\/\/www.alpgate.com\/fr\/wp-json\/wp\/v2\/pages\/3252\/revisions"}],"wp:featuredmedia":[{"embeddable":true,"href":"https:\/\/www.alpgate.com\/fr\/wp-json\/wp\/v2\/media\/2492"}],"wp:attachment":[{"href":"https:\/\/www.alpgate.com\/fr\/wp-json\/wp\/v2\/media?parent=3252"}],"curies":[{"name":"wp","href":"https:\/\/api.w.org\/{rel}","templated":true}]}}